{"id":66,"date":"2024-11-18T08:21:59","date_gmt":"2024-11-18T08:21:59","guid":{"rendered":"http:\/\/localhost\/fhf\/?page_id=66"},"modified":"2025-03-13T13:04:50","modified_gmt":"2025-03-13T13:04:50","slug":"legjislacioni","status":"publish","type":"page","link":"https:\/\/fhf.dev.dstefani.site\/en\/newsroom\/legjislacioni\/","title":{"rendered":"Legislation"},"content":{"rendered":"<p><strong><a href=\"https:\/\/www.fhf.edu.al\/wp-content\/uploads\/Ligj_80_2015_22_07_2015.pdf\" target=\"_blank\" rel=\"noopener noreferrer\">Ligji i Arsimit t\u00eb Lart\u00eb<\/a><\/strong><\/p>\n<p>&lt;br&gt;<\/p>\n<p><strong><a href=\"http:\/\/www.unitir.edu.al\/images\/STATUTI_UT_perditesuar_2016.pdf\" target=\"_blank\" rel=\"noopener noreferrer\">Statuti i Universitetit t\u00eb Tiran\u00ebs<\/a><\/strong><\/p>\n<p>&lt;br&gt;<\/p>\n<p><strong><a href=\"https:\/\/www.fhf.edu.al\/wp-content\/uploads\/kodi-i-etikes.pdf\" target=\"_blank\" rel=\"noopener noreferrer\">Kodi i etik\u00ebs i Universitetit t\u00eb Tiran\u00ebs<\/a><\/strong><\/p>\n<p>&lt;br&gt;<\/p>\n<p><strong><a href=\"https:\/\/drive.google.com\/file\/d\/15qwbh0fmf5W5XHXsBJ2uVgF_94uTHtGv\/view?usp=sharing\" target=\"_blank\" rel=\"noopener noreferrer\">Rregullore e Universitetit t\u00eb Tiran\u00ebs<\/a><\/strong><\/p>\n<p>&lt;br&gt;<\/p>\n<p><strong><a href=\"https:\/\/drive.google.com\/file\/d\/1mC1O3FhKUjE_E_72XaWA13q6l0XGfiR8\/view?usp=sharing\" target=\"_blank\" rel=\"noopener\">Vendimi Nr. 04, date 27.01.2023, \u201cP\u00ebr akreditimin e Universitetit t\u00eb Tiran\u00ebs\u201d\u00a0<\/a><\/strong><\/p>\n<p>&lt;br&gt;<\/p>\n<p><strong><a href=\"https:\/\/drive.google.com\/file\/d\/1m8D-FKRncUmD4NjGVC90hzhLsQ8yWtxt\/view?usp=sharing\" target=\"_blank\" rel=\"noopener\">Vendimi Nr. 84, dat\u00eb 27.10.2018, \u201cP\u00ebr akreditimin e Universitetit t\u00eb Tiran\u00ebs\u201d\u00a0<\/a><\/strong><\/p>\n<p>&lt;br&gt;<\/p>\n<p><strong><a href=\"https:\/\/unitir.edu.al\/10545-2\/\" target=\"_blank\" rel=\"noopener\">Strategji t\u00eb UT-s\u00eb<\/a><\/strong><\/p>\n<p>&lt;br&gt;<\/p>\n<p><a href=\"https:\/\/drive.google.com\/file\/d\/1qottYpwTj8YDYMq2Skh989jl_slSOHkK\/view?usp=sharing\" target=\"_blank\" rel=\"noopener\"><strong>Rregullorja p\u00ebr organizimin e programeve t\u00eb studimit t\u00eb doktoratave<\/strong><\/a><\/p>\n<p>&lt;br&gt;<\/p>\n<p><strong><a href=\"https:\/\/www.fhf.edu.al\/wp-content\/uploads\/rregullore_per_organizimin_dhe_funksionimin_e_keshillave_te_profesoreve_te_universitetit_te_tiranes.pdf\" target=\"_blank\" rel=\"noopener noreferrer\">Rregullore p\u00ebr organizimin dhe funksionimin e k\u00ebshillave t\u00eb profesor\u00ebve t\u00eb Universitetit t\u00eb Tiran\u00ebs<\/a><a href=\"https:\/\/www.fhf.edu.al\/wp-content\/uploads\/Rregullore%20p%C3%ABr\"><br \/>\n<\/a><\/strong><\/p>\n<p>&lt;br&gt;<\/p>\n<p><a href=\"http:\/\/www.unitir.edu.al\/images\/Rregullore_Komisonit_te_provimit_te_personelit.pdf\" target=\"_blank\" rel=\"noopener\"><strong>Rregullorja e organizimit dhe funksionimit t\u00eb Komisionit p\u00ebr Promovimin e Personelit Akademik<\/strong><\/a><\/p>\n<p>&lt;br&gt;<\/p>\n<p><strong><a href=\"https:\/\/drive.google.com\/file\/d\/14Ycx8ZSpdZW1eykSnABKhEIIJhlLXDug\/view?usp=sharing\" target=\"_blank\" rel=\"noopener\">Rregullorja e Komisionit t\u00eb Mbar\u00ebvajtjes s\u00eb Veprimtaris\u00eb dhe Marr\u00ebdh\u00ebnieve me Student\u00ebt<\/a><\/strong><\/p>\n<p>&lt;br&gt;<\/p>\n<p><strong><a href=\"https:\/\/www.fhf.edu.al\/wp-content\/uploads\/2019\/11\/fz-2017-83.pdf\" target=\"_blank\" rel=\"noopener\">Vendim p\u00ebr statusin dhe trajtimin e ve\u00e7ant\u00eb t\u00eb personelit akademik<\/a><\/strong><\/p>\n<p>&lt;br&gt;<\/p>\n<p class=\"Default\"><a href=\"https:\/\/drive.google.com\/file\/d\/1VD7CwQXRJO6t8bCg1h4WjfVc06_BdABe\/view?usp=sharing\" target=\"_blank\" rel=\"noopener\"><strong>Ligj nr. 60\/2016 \u201cP\u00ebr sinjalizimin dhe mbrojtjen e sinjalizuesve\u201d<\/strong><\/a><\/p>\n<p>&lt;br&gt;<\/p>\n<p class=\"Default\"><a href=\"https:\/\/drive.google.com\/file\/d\/1g0JeCskP4Ih9nu6SLYrzss6HrGW3fHN2\/view?usp=sharing\" target=\"_blank\" rel=\"noopener\"><strong>Vendim nr. 816, dat\u00eb 16.11.2016 p\u00ebr struktur\u00ebn, kriteret e p\u00ebrzgjedhjes dhe marr\u00ebdh\u00ebniet e pun\u00ebs s\u00eb punonj\u00ebsve t\u00eb nj\u00ebsis\u00eb p\u00ebrgjegj\u00ebse n\u00eb autoritetet publike, n\u00eb zbatim t\u00eb ligjit nr. 60\/2016, \u201cP\u00ebr sinjalizimin dhe mbrojtjen e sinjalizuesve\u201d<\/strong><\/a><\/p>\n<p>&lt;br&gt;<\/p>\n<p class=\"Default\"><a href=\"https:\/\/drive.google.com\/file\/d\/1NhSr084CLJLnaPu8X8Xdm_RJdLvqvHy1\/view?usp=sharing\" target=\"_blank\" rel=\"noopener\"><strong>Rregullore \u201cP\u00ebr hetimin administrativ t\u00eb sinjalizimit, t\u00eb k\u00ebrkes\u00ebs s\u00eb sinjalizuesit p\u00ebr mbrojtjen nga hakmarrja dhe mbrojtjen e konfidencialitetit, n\u00eb Universitetin e Tiran\u00ebs\u201d<\/strong><\/a><\/p>\n<p>&lt;br&gt;<\/p>\n<p><strong><a href=\"https:\/\/www.fhf.edu.al\/wp-content\/uploads\/2021\/10\/RREGULLORE-PER-FUNKSIONIMIN-E-SISTEMIT-INFORMATIK-N%C3%8B-UNIVERSITETIN-E-TIRAN%C3%8BS.pdf\" target=\"_blank\" rel=\"noopener noreferrer\">Rregullore p\u00ebr funksionimin e sistemit informatik n\u00eb UT<\/a><\/strong><\/p>\n<p>&lt;br&gt;<\/p>\n<p><a href=\"https:\/\/drive.google.com\/file\/d\/1caII5LeCXUrD9OwnfpUrJYMaw8CvhBro\/view?usp=sharing\" target=\"_blank\" rel=\"noopener\"><strong>Rregullore e brendshme e Universitetit t\u00eb Tiran\u00ebs \u201cP\u00ebr mbrojtjen nga infeksioni i shkaktuar nga virusi Covid-19\u201d<\/strong><\/a><\/p>\n<p>&lt;br&gt;<\/p>\n<p><a href=\"https:\/\/drive.google.com\/file\/d\/1VBxAGJsvRRzxTg6ZfVd0-yn-hnt8i4JK\/view?usp=sharing\" target=\"_blank\" rel=\"noopener\"><strong>Vendim Nr. 07, date 01.10.2021 \u201cPer disa shtesa ne Rregulloren e Brendshme te Universitetit te Tiranes \u201cPer mbrojtjen nga infeksioni i shkaktuar nga virusi COVID-19\u201d<\/strong><\/a><\/p>\n<p>&lt;br&gt;<\/p>\n<p><a href=\"https:\/\/drive.google.com\/file\/d\/1XzqDkmm3lvmfK_Z_EfdG64y_dr7vcv7-\/view?usp=sharing\" target=\"_blank\" rel=\"noopener\"><strong>Vendim Nr. 08, dat\u00eb 01.10.2021 \u201cP\u00ebr disa shtesa n\u00eb Udh\u00ebzuesin e Universitetit t\u00eb Tiran\u00ebs \u201cP\u00ebr zhvillimin e m\u00ebsimit n\u00eb distanc\u00eb\u201d<\/strong><\/a><\/p>\n<p>&lt;br&gt;<\/p>\n<p><a href=\"https:\/\/drive.google.com\/file\/d\/1XJCY56VO6QTqjRP0k0Vu-bnfnpK0MX18\/view?usp=sharing\" target=\"_blank\" rel=\"noopener\"><strong>Udh\u00ebzues i Universitetit t\u00eb Tiran\u00ebs p\u00ebr p\u00ebrdorimin e sistemit t\u00eb m\u00ebsimit n\u00eb distanc\u00eb<\/strong><\/a><\/p>\n<p>&lt;br&gt;<\/p>\n<p><strong><a href=\"https:\/\/unitir.edu.al\/vendime-te-senatit-akademik\/\" target=\"_blank\" rel=\"noopener\">Vendime t\u00eb Senatit Akademik<\/a><\/strong><\/p>\n<p>&lt;br&gt;<\/p>\n<p><a href=\"https:\/\/unitir.edu.al\/vendime-te-bordit-te-administrimit-2\/\" target=\"_blank\" rel=\"noopener\"><strong>Vendime t\u00eb Bordit t\u00eb Administrimit<\/strong><\/a><\/p>\n<p>&lt;br&gt;<\/p>\n<p><a href=\"https:\/\/unitir.edu.al\/vendime-te-rektoratit\/\" target=\"_blank\" rel=\"noopener\"><strong>Vendime t\u00eb Rektoratit<\/strong><\/a><\/p>\n<p>&lt;br&gt;<\/p>\n<p><strong><a href=\"http:\/\/www.arsimi.gov.al\/al\/arsimi\/universiteti\/marreveshjet-e-nenshkruara-nga-mas-me-subjektet-ofruese-te-testeve-per-gjuhet-e-huaja\" target=\"_blank\" rel=\"noopener noreferrer\">Marr\u00ebveshjet e n\u00ebnshkruara nga MAS me subjektet ofruese t\u00eb testeve p\u00ebr gjuh\u00ebt e huaja<\/a><\/strong><\/p>\n<p>&lt;br&gt;<\/p>\n<p>&nbsp;<\/p>","protected":false},"excerpt":{"rendered":"<p>Ligji i Arsimit t&euml; Lart&euml; &lt;br&gt; Statuti i Universitetit t&euml; Tiran&euml;s &lt;br&gt; Kodi i etik&euml;s i Universitetit t&euml; Tiran&euml;s &lt;br&gt; Rregullore e Universitetit t&euml; Tiran&euml;s &lt;br&gt; Vendimi Nr. 04, date 27.01.2023, &ldquo;P&euml;r akreditimin e Universitetit t&euml; Tiran&euml;s&rdquo;&nbsp; &lt;br&gt; Vendimi Nr. 84, dat&euml; 27.10.2018, &ldquo;P&euml;r akreditimin e Universitetit t&euml; Tiran&euml;s&rdquo;&nbsp; &lt;br&gt; Strategji t&euml; UT-s&euml; &lt;br&gt; Rregullorja [&hellip;]<\/p>","protected":false},"author":1,"featured_media":0,"parent":30,"menu_order":0,"comment_status":"closed","ping_status":"closed","template":"pages\/struktura.php","meta":{"footnotes":""},"class_list":["post-66","page","type-page","status-publish","hentry"],"acf":[],"_links":{"self":[{"href":"https:\/\/fhf.dev.dstefani.site\/en\/wp-json\/wp\/v2\/pages\/66","targetHints":{"allow":["GET"]}}],"collection":[{"href":"https:\/\/fhf.dev.dstefani.site\/en\/wp-json\/wp\/v2\/pages"}],"about":[{"href":"https:\/\/fhf.dev.dstefani.site\/en\/wp-json\/wp\/v2\/types\/page"}],"author":[{"embeddable":true,"href":"https:\/\/fhf.dev.dstefani.site\/en\/wp-json\/wp\/v2\/users\/1"}],"replies":[{"embeddable":true,"href":"https:\/\/fhf.dev.dstefani.site\/en\/wp-json\/wp\/v2\/comments?post=66"}],"version-history":[{"count":11,"href":"https:\/\/fhf.dev.dstefani.site\/en\/wp-json\/wp\/v2\/pages\/66\/revisions"}],"predecessor-version":[{"id":1783,"href":"https:\/\/fhf.dev.dstefani.site\/en\/wp-json\/wp\/v2\/pages\/66\/revisions\/1783"}],"up":[{"embeddable":true,"href":"https:\/\/fhf.dev.dstefani.site\/en\/wp-json\/wp\/v2\/pages\/30"}],"wp:attachment":[{"href":"https:\/\/fhf.dev.dstefani.site\/en\/wp-json\/wp\/v2\/media?parent=66"}],"curies":[{"name":"wp","href":"https:\/\/api.w.org\/{rel}","templated":true}]}}