{"id":50,"date":"2024-11-18T08:18:16","date_gmt":"2024-11-18T08:18:16","guid":{"rendered":"http:\/\/localhost\/fhf\/?page_id=50"},"modified":"2024-12-28T22:36:42","modified_gmt":"2024-12-28T22:36:42","slug":"studentet-ekselente-2014-2022","status":"publish","type":"page","link":"https:\/\/fhf.dev.dstefani.site\/en\/studentet\/studentet-ekselente-2014-2022\/","title":{"rendered":"Excellent students 2014-2022"},"content":{"rendered":"<p>The list of students ekselent\u00eb of the Faculty of History and Philology of the graduate during the academic 2014-2022\u00a0<strong><a href=\"https:\/\/l.facebook.com\/l.php?u=https%3A%2F%2Fdrive.google.com%2Ffile%2Fd%2F1-_U8m1eUhzQ-zWZ5vYSkk7iko6MNp3z1%2Fview%3Fusp%3Dsharing%26fbclid%3DIwAR36SNhGGZVYpIXCYBm9CBCUEr2E65W4Hnwapsr7JtPb-RHMt1Spty57-TI&amp;h=AT0RUFVxJLSYpMgkNiQsQ7mCIJbKmkYM5jTR1lbAxa3qHpr_MRulVepD_3GJBNT05OFBIOA_14c9ZrS4jUUmo6XVyTJIf_o4v5SQEvB98FOo1yhtKLUmniETrrI-dyMkygBY&amp;__tn__=-UK-R&amp;c[0]=AT1zsx6S0INHV-lGHjSpGVBet8qiL8u-krfpH-J1Essl3nvmb-e1g1MRtxbD30A4SYCU8p8gFDoIDi17oB7VpMdhcx4z9YCayQWMPOVdOMM-_QdhEWws9ydA-9jmh5mF1Lr4FjfI0PTW0h_cQNdxVTa9\" target=\"_blank\" rel=\"noopener\">click here to...<\/a><\/strong><br \/>\n<img loading=\"lazy\" decoding=\"async\" class=\"wp-image-976 aligncenter\" src=\"https:\/\/projects.gridcoding.com\/fhf\/wp-content\/uploads\/2024\/12\/atudetnet-ekselent-169x300.jpg\" alt=\"\" width=\"203\" height=\"360\" srcset=\"https:\/\/fhf.dev.dstefani.site\/wp-content\/uploads\/2024\/12\/atudetnet-ekselent-169x300.jpg 169w, https:\/\/fhf.dev.dstefani.site\/wp-content\/uploads\/2024\/12\/atudetnet-ekselent-576x1024.jpg 576w, https:\/\/fhf.dev.dstefani.site\/wp-content\/uploads\/2024\/12\/atudetnet-ekselent-768x1365.jpg 768w, https:\/\/fhf.dev.dstefani.site\/wp-content\/uploads\/2024\/12\/atudetnet-ekselent-864x1536.jpg 864w, https:\/\/fhf.dev.dstefani.site\/wp-content\/uploads\/2024\/12\/atudetnet-ekselent-7x12.jpg 7w, https:\/\/fhf.dev.dstefani.site\/wp-content\/uploads\/2024\/12\/atudetnet-ekselent.jpg 900w\" sizes=\"auto, (max-width: 203px) 100vw, 203px\" \/><\/p>","protected":false},"excerpt":{"rendered":"<p>Lista e student\u00ebve ekselent\u00eb t\u00eb Fakultetit t\u00eb Historis\u00eb dhe t\u00eb Filologjis\u00eb t\u00eb diplomuar gjat\u00eb periudh\u00ebs akademike 2014-2022\u00a0klikoni k\u00ebtu\u2026<\/p>","protected":false},"author":1,"featured_media":0,"parent":28,"menu_order":0,"comment_status":"closed","ping_status":"closed","template":"pages\/struktura.php","meta":{"footnotes":""},"class_list":["post-50","page","type-page","status-publish","hentry"],"acf":[],"_links":{"self":[{"href":"https:\/\/fhf.dev.dstefani.site\/en\/wp-json\/wp\/v2\/pages\/50","targetHints":{"allow":["GET"]}}],"collection":[{"href":"https:\/\/fhf.dev.dstefani.site\/en\/wp-json\/wp\/v2\/pages"}],"about":[{"href":"https:\/\/fhf.dev.dstefani.site\/en\/wp-json\/wp\/v2\/types\/page"}],"author":[{"embeddable":true,"href":"https:\/\/fhf.dev.dstefani.site\/en\/wp-json\/wp\/v2\/users\/1"}],"replies":[{"embeddable":true,"href":"https:\/\/fhf.dev.dstefani.site\/en\/wp-json\/wp\/v2\/comments?post=50"}],"version-history":[{"count":4,"href":"https:\/\/fhf.dev.dstefani.site\/en\/wp-json\/wp\/v2\/pages\/50\/revisions"}],"predecessor-version":[{"id":977,"href":"https:\/\/fhf.dev.dstefani.site\/en\/wp-json\/wp\/v2\/pages\/50\/revisions\/977"}],"up":[{"embeddable":true,"href":"https:\/\/fhf.dev.dstefani.site\/en\/wp-json\/wp\/v2\/pages\/28"}],"wp:attachment":[{"href":"https:\/\/fhf.dev.dstefani.site\/en\/wp-json\/wp\/v2\/media?parent=50"}],"curies":[{"name":"wp","href":"https:\/\/api.w.org\/{rel}","templated":true}]}}