{"id":42,"date":"2024-11-18T08:16:58","date_gmt":"2024-11-18T08:16:58","guid":{"rendered":"http:\/\/localhost\/fhf\/?page_id=42"},"modified":"2025-03-11T10:41:18","modified_gmt":"2025-03-11T10:41:18","slug":"orari-mesimor","status":"publish","type":"page","link":"https:\/\/fhf.dev.dstefani.site\/en\/studentet\/orari-mesimor\/","title":{"rendered":"Timetable"},"content":{"rendered":"<hr \/>\n<p style=\"text-align: center;\"><a href=\"https:\/\/drive.google.com\/file\/d\/1FXwyBiAeAA3xdro7uLj3VcRMqBb66c6Z\/view?usp=sharing\" target=\"_blank\" rel=\"noopener\"><strong>Orari Bachelor, semestri i dyt\u00eb p\u00ebr vitin akademik 2024-2025<\/strong><\/a><\/p>\n<hr \/>\n<p style=\"text-align: center;\"><a href=\"https:\/\/drive.google.com\/file\/d\/1lmLc3Ykf5o9HYPhjCOWdW3-m0T469QBT\/view?usp=sharing\"><strong>Orari Master, semestri i dyt\u00eb p\u00ebr vitin akademik 20<\/strong><strong>24-2025<\/strong><\/a><\/p>\n<hr \/>\n<p>&nbsp;<\/p>","protected":false},"excerpt":{"rendered":"<p>Orari Bachelor, semestri i dyt\u00eb p\u00ebr vitin akademik 2024-2025 Orari Master, semestri i dyt\u00eb p\u00ebr vitin akademik 2024-2025 &nbsp;<\/p>","protected":false},"author":1,"featured_media":0,"parent":28,"menu_order":0,"comment_status":"closed","ping_status":"closed","template":"pages\/struktura.php","meta":{"footnotes":""},"class_list":["post-42","page","type-page","status-publish","hentry"],"acf":[],"_links":{"self":[{"href":"https:\/\/fhf.dev.dstefani.site\/en\/wp-json\/wp\/v2\/pages\/42","targetHints":{"allow":["GET"]}}],"collection":[{"href":"https:\/\/fhf.dev.dstefani.site\/en\/wp-json\/wp\/v2\/pages"}],"about":[{"href":"https:\/\/fhf.dev.dstefani.site\/en\/wp-json\/wp\/v2\/types\/page"}],"author":[{"embeddable":true,"href":"https:\/\/fhf.dev.dstefani.site\/en\/wp-json\/wp\/v2\/users\/1"}],"replies":[{"embeddable":true,"href":"https:\/\/fhf.dev.dstefani.site\/en\/wp-json\/wp\/v2\/comments?post=42"}],"version-history":[{"count":11,"href":"https:\/\/fhf.dev.dstefani.site\/en\/wp-json\/wp\/v2\/pages\/42\/revisions"}],"predecessor-version":[{"id":1730,"href":"https:\/\/fhf.dev.dstefani.site\/en\/wp-json\/wp\/v2\/pages\/42\/revisions\/1730"}],"up":[{"embeddable":true,"href":"https:\/\/fhf.dev.dstefani.site\/en\/wp-json\/wp\/v2\/pages\/28"}],"wp:attachment":[{"href":"https:\/\/fhf.dev.dstefani.site\/en\/wp-json\/wp\/v2\/media?parent=42"}],"curies":[{"name":"wp","href":"https:\/\/api.w.org\/{rel}","templated":true}]}}