{"id":22,"date":"2024-11-18T08:11:33","date_gmt":"2024-11-18T08:11:33","guid":{"rendered":"http:\/\/localhost\/fhf\/?page_id=22"},"modified":"2025-04-17T11:54:05","modified_gmt":"2025-04-17T11:54:05","slug":"departamenti-i-historise","status":"publish","type":"page","link":"https:\/\/fhf.dev.dstefani.site\/en\/departamentet\/departamenti-i-historise\/","title":{"rendered":"Department of History"},"content":{"rendered":"<p style=\"text-align: justify;\">The department of History offers a program of study <strong>Bachelor in History<\/strong>at the end of which the students will acquire<em> with a bachelor&#039;s degree in Bachelor History<a href=\"https:\/\/drive.google.com\/file\/d\/1FEJqmC_e6wdXursTUS5kNm0K14nRqGD8\/view?usp=sharing\" target=\"_blank\" rel=\"noopener\"> (format)<\/a><\/em>. In the context of the study of a-level Professional Master&#039;s department, the Department of History offers two programs of study <strong>The Master of Professional Arkivistik\u00eb and Teacher<\/strong>. At the end of the study in these programs, students will obtain a bachelor&#039;s degree in <em>The Master of Professional Arkivistik\u00eb, and a Master of Professional Teacher<\/em>. From the academic year 2012-2013, the program of study, a Master degree in the professional Teacher, it can be also a part-time work.<\/p>\n<p style=\"text-align: justify;\">The department offers two programs of study Master of Science degree in the fields of History and International Relations at the end of which the students will be equipped with the degrees Master of Science degree in the relevant field. The department offers programs of study towards a doctoral degree in the specialties of History and International Relations at the end of which is awarded the title of Doctor in the field.<\/p>","protected":false},"excerpt":{"rendered":"<p>Departamenti i Historis\u00eb ofron programin e studimit Bachelor n\u00eb Histori, n\u00eb p\u00ebrfundim t\u00eb t\u00eb cilit student\u00ebt pajisen me diplom\u00ebn Bachelor n\u00eb Histori (format). N\u00eb kuadrin e studimeve t\u00eb nivelit Master Profesional, Departamenti i Historis\u00eb ofron dy programe studimi Master Profesional n\u00eb Arkivistik\u00eb dhe M\u00ebsuesi. N\u00eb p\u00ebrfundim t\u00eb studimeve n\u00eb k\u00ebto programe, student\u00ebt pajisen me diplom\u00ebn [&hellip;]<\/p>","protected":false},"author":1,"featured_media":0,"parent":14,"menu_order":0,"comment_status":"closed","ping_status":"closed","template":"pages\/departamentet.php","meta":{"footnotes":""},"class_list":["post-22","page","type-page","status-publish","hentry"],"acf":[],"_links":{"self":[{"href":"https:\/\/fhf.dev.dstefani.site\/en\/wp-json\/wp\/v2\/pages\/22","targetHints":{"allow":["GET"]}}],"collection":[{"href":"https:\/\/fhf.dev.dstefani.site\/en\/wp-json\/wp\/v2\/pages"}],"about":[{"href":"https:\/\/fhf.dev.dstefani.site\/en\/wp-json\/wp\/v2\/types\/page"}],"author":[{"embeddable":true,"href":"https:\/\/fhf.dev.dstefani.site\/en\/wp-json\/wp\/v2\/users\/1"}],"replies":[{"embeddable":true,"href":"https:\/\/fhf.dev.dstefani.site\/en\/wp-json\/wp\/v2\/comments?post=22"}],"version-history":[{"count":15,"href":"https:\/\/fhf.dev.dstefani.site\/en\/wp-json\/wp\/v2\/pages\/22\/revisions"}],"predecessor-version":[{"id":1948,"href":"https:\/\/fhf.dev.dstefani.site\/en\/wp-json\/wp\/v2\/pages\/22\/revisions\/1948"}],"up":[{"embeddable":true,"href":"https:\/\/fhf.dev.dstefani.site\/en\/wp-json\/wp\/v2\/pages\/14"}],"wp:attachment":[{"href":"https:\/\/fhf.dev.dstefani.site\/en\/wp-json\/wp\/v2\/media?parent=22"}],"curies":[{"name":"wp","href":"https:\/\/api.w.org\/{rel}","templated":true}]}}